{"id":330,"date":"2016-03-31T12:23:43","date_gmt":"2016-03-31T10:23:43","guid":{"rendered":"http:\/\/wordpress.cityphone.de\/?page_id=330"},"modified":"2021-02-05T13:56:09","modified_gmt":"2021-02-05T12:56:09","slug":"optimierung","status":"publish","type":"page","link":"https:\/\/www.cityphone.de\/?page_id=330","title":{"rendered":"Optimierung"},"content":{"rendered":"<h5><strong>Transparenz Ihrer Mobilfunk- und Festnetzvertr\u00e4ge.<\/strong><\/h5>\n<p>Steigende Kommunikationsanforderung, die damit verbundenen neuen innovativen Produkte, stellen Nutzer und verantwortliche im Unternehmen vor stetig wachsende Anforderungen auf diesen Gebieten.<\/p>\n<h5><strong>Unsere Erfahrung &#8211; Ihr Nutzen<\/strong><\/h5>\n<p>Eine regelm\u00e4\u00dfige Optimierung der Mobilfunkvertr\u00e4ge ist bei vielen Nutzern und Verantwortlichen nichts Neues. Trotzdem wollen sich die wenigsten damit besch\u00e4ftigen &#8211; noch weniger mit ihren Festnetz- und Datenleitungen &#8211; das k\u00f6nnen wir gut verstehen!<\/p>\n<h5><strong>Unsere L\u00f6sung &#8211; Der K\u00fcmmerervertrag, im neudeutsch auch Dienstleistungsmanagement.<\/strong><\/h5>\n<p>Wir bieten unsere Leistungen als Paket in allen TK &#8211; Disziplinen oder nach Absprache, je nach Ihren Anforderungen an.<\/p>\n","protected":false},"excerpt":{"rendered":"<p>Transparenz Ihrer Mobilfunk- und Festnetzvertr\u00e4ge. Steigende Kommunikationsanforderung, die damit verbundenen neuen innovativen Produkte, stellen Nutzer und verantwortliche im Unternehmen vor <a class=\"more-link\" href=\"https:\/\/www.cityphone.de\/?page_id=330\">weiterlesen&#8230;<\/a><\/p>\n","protected":false},"author":1,"featured_media":0,"parent":0,"menu_order":0,"comment_status":"closed","ping_status":"closed","template":"","meta":[],"_links":{"self":[{"href":"https:\/\/www.cityphone.de\/index.php?rest_route=\/wp\/v2\/pages\/330"}],"collection":[{"href":"https:\/\/www.cityphone.de\/index.php?rest_route=\/wp\/v2\/pages"}],"about":[{"href":"https:\/\/www.cityphone.de\/index.php?rest_route=\/wp\/v2\/types\/page"}],"author":[{"embeddable":true,"href":"https:\/\/www.cityphone.de\/index.php?rest_route=\/wp\/v2\/users\/1"}],"replies":[{"embeddable":true,"href":"https:\/\/www.cityphone.de\/index.php?rest_route=%2Fwp%2Fv2%2Fcomments&post=330"}],"version-history":[{"count":2,"href":"https:\/\/www.cityphone.de\/index.php?rest_route=\/wp\/v2\/pages\/330\/revisions"}],"predecessor-version":[{"id":484,"href":"https:\/\/www.cityphone.de\/index.php?rest_route=\/wp\/v2\/pages\/330\/revisions\/484"}],"wp:attachment":[{"href":"https:\/\/www.cityphone.de\/index.php?rest_route=%2Fwp%2Fv2%2Fmedia&parent=330"}],"curies":[{"name":"wp","href":"https:\/\/api.w.org\/{rel}","templated":true}]}}