{"id":32,"date":"2015-02-25T17:12:17","date_gmt":"2015-02-25T16:12:17","guid":{"rendered":"http:\/\/wordpress.cityphone.de\/?page_id=32"},"modified":"2019-10-09T13:18:07","modified_gmt":"2019-10-09T11:18:07","slug":"car-media","status":"publish","type":"page","link":"https:\/\/www.cityphone.de\/?page_id=32","title":{"rendered":"Car Media + Navigation"},"content":{"rendered":"<h5><strong>Service vom Fachhandel<\/strong><\/h5>\n<p>basierend auf&nbsp;unsere langj\u00e4hrige Erfahrung, erhalten Sie eine ausf\u00fchrliche Beratung zusammen mit einem professionellen Einbau.<\/p>\n<h5><strong>Freisprechanlagen<\/strong><\/h5>\n<p>Festeinbauanlagen oder kabellose L\u00f6sung &#8211; bei uns erhalten Sie die passende L\u00f6sung f\u00fcr Ihr Fahrzeug, Boot oder Sonstiges.<\/p>\n<p><strong>Unsere Partner sind:<br \/>\n\n<table id=\"tablepress-2\" class=\"tablepress tablepress-id-2\">\n<tbody class=\"row-hover\">\n<tr class=\"row-1 odd\">\n\t<td class=\"column-1\"><img src=\"http:\/\/wordpress.cityphone.de\/wp-content\/uploads\/2016\/03\/bury_logo.gif\" alt=\"bury_logo\" width=\"147\" height=\"59\" class=\"alignnone size-full wp-image-236\" \/><br \/>\n<br \/>\n<\/td><td class=\"column-2\"><img src=\"http:\/\/wordpress.cityphone.de\/wp-content\/uploads\/2016\/03\/parrot20logo.gif\" alt=\"parrot%20logo\" width=\"155\" height=\"75\" class=\"alignnone size-full wp-image-237\" \/><\/td>\n<\/tr>\n<\/tbody>\n<\/table>\n<!-- #tablepress-2 from cache --><br \/>\n<\/strong><\/p>\n<h5><strong>Flottenmanagement<\/strong><\/h5>\n<p>Mit unseren WEB-basierten L\u00f6sungen haben Sie Ihre Fahrzeugflotte und Serviceteam immer im Blick.<br \/>\nWir bieten L\u00f6sungen f\u00fcr:<\/p>\n<ul>\n<li>Ortungs- und Spurverfolgung von Fahrzeugen und Objekten<\/li>\n<li>Mobile Nachrichten und Auftragsmanagement<\/li>\n<li>Elektronische Fahrtenbuchl\u00f6sungen<\/li>\n<\/ul>\n<h5><strong>Navigationssysteme<\/strong><\/h5>\n<p>Ob fest oder mobile L\u00f6sung &#8211; lassen Sie sich beraten.<br \/>\nWir haben die passende L\u00f6sung f\u00fcr Sie.<\/p>\n","protected":false},"excerpt":{"rendered":"<p>Service vom Fachhandel basierend auf&nbsp;unsere langj\u00e4hrige Erfahrung, erhalten Sie eine ausf\u00fchrliche Beratung zusammen mit einem professionellen Einbau. Freisprechanlagen Festeinbauanlagen oder <a class=\"more-link\" href=\"https:\/\/www.cityphone.de\/?page_id=32\">weiterlesen&#8230;<\/a><\/p>\n","protected":false},"author":1,"featured_media":0,"parent":0,"menu_order":2,"comment_status":"closed","ping_status":"closed","template":"","meta":[],"_links":{"self":[{"href":"https:\/\/www.cityphone.de\/index.php?rest_route=\/wp\/v2\/pages\/32"}],"collection":[{"href":"https:\/\/www.cityphone.de\/index.php?rest_route=\/wp\/v2\/pages"}],"about":[{"href":"https:\/\/www.cityphone.de\/index.php?rest_route=\/wp\/v2\/types\/page"}],"author":[{"embeddable":true,"href":"https:\/\/www.cityphone.de\/index.php?rest_route=\/wp\/v2\/users\/1"}],"replies":[{"embeddable":true,"href":"https:\/\/www.cityphone.de\/index.php?rest_route=%2Fwp%2Fv2%2Fcomments&post=32"}],"version-history":[{"count":22,"href":"https:\/\/www.cityphone.de\/index.php?rest_route=\/wp\/v2\/pages\/32\/revisions"}],"predecessor-version":[{"id":780,"href":"https:\/\/www.cityphone.de\/index.php?rest_route=\/wp\/v2\/pages\/32\/revisions\/780"}],"wp:attachment":[{"href":"https:\/\/www.cityphone.de\/index.php?rest_route=%2Fwp%2Fv2%2Fmedia&parent=32"}],"curies":[{"name":"wp","href":"https:\/\/api.w.org\/{rel}","templated":true}]}}