{"id":26,"date":"2015-02-25T16:24:24","date_gmt":"2015-02-25T15:24:24","guid":{"rendered":"http:\/\/wordpress.cityphone.de\/?page_id=26"},"modified":"2025-03-20T11:26:53","modified_gmt":"2025-03-20T10:26:53","slug":"ueber-uns","status":"publish","type":"page","link":"https:\/\/www.cityphone.de\/?page_id=26","title":{"rendered":"\u00dcber uns"},"content":{"rendered":"\n<h2 class=\"has-text-align-center\">Wir sind Ihre Telekommunikationsprofis!<\/h2>\n\n\n\n<p class=\"has-text-align-left has-medium-font-size\">Wir sind  seit Mitte der 80er Jahre auf diesem Gebiet t\u00e4tig. Mit dem analogen C-Netz der deutschen Telekom (damals noch Bundespost &#8211; heute Telekom Deutschland), haben wir die ersten mobilen&nbsp;Kommunikationserfahrungen gesammelt. Heute&nbsp;orientieren wir uns&nbsp; immer am neuesten Stand der Telekommunikationstechnik und blicken auf eine langj\u00e4hrige Erfahrung auf diesem Gebiet zur\u00fcck.<\/p>\n\n\n\n<p class=\"has-medium-font-size\">Mit Gr\u00fcndung der CityPhone GmbH im Jahr 1997, stehen wir f\u00fcr unsere Kunden aus Industrie, Handel, Wirtschaft und dem Dienstleistungsbereich wie Banken und Versicherungen mit Erfolg beratend und betreuend zur Seite.<\/p>\n\n\n\n<p class=\"has-text-align-left has-medium-font-size\">Durch unsere mehr als <strong>25-j\u00e4hrige Erfahrung<\/strong> sind wir der kompetente Ansprechpartner f\u00fcr Sie. Wir legen gro\u00dfen Wert auf eine individuelle und objektive Beratung, bieten eine verl\u00e4ssliche und solide Dienstleistung und einen freundlichen Service.<\/p>\n\n\n\n<p class=\"has-text-align-left has-medium-font-size\">Mit unserem Service rund um Mobilfunk, Telekommunikations-, Telematik- und Ortungssysteme sorgen wir f\u00fcr eine gute &#8222;Verbindung&#8220;.<br>Festnetz- und Datenleitungen, sowie die Umstellung von ISDN auf IP-Anlagen erg\u00e4nzen unser Angebot.<\/p>\n\n\n\n<p class=\"has-text-align-left has-medium-font-size\">Bei vielen Kunden betreuen und organisieren wir das gesamte Festnetz- und Mobilfunk-Management.<\/p>\n\n\n\n<p class=\"has-medium-font-size\">Haben Sie Fragen zu unseren Leistungen,  m\u00f6chten Sie einen kostenfreien Beratungstermin mit uns vereinbaren? <br>Wir sind f\u00fcr Sie da. <br><\/p>\n\n\n\n<h2><\/h2>\n\n\n<!-- WPForms: no fields, form hidden -->\n\n\n<p><\/p>\n","protected":false},"excerpt":{"rendered":"<p>Wir sind Ihre Telekommunikationsprofis! Wir sind seit Mitte der 80er Jahre auf diesem Gebiet t\u00e4tig. Mit dem analogen C-Netz der <a class=\"more-link\" href=\"https:\/\/www.cityphone.de\/?page_id=26\">weiterlesen&#8230;<\/a><\/p>\n","protected":false},"author":1,"featured_media":0,"parent":0,"menu_order":0,"comment_status":"closed","ping_status":"closed","template":"","meta":[],"_links":{"self":[{"href":"https:\/\/www.cityphone.de\/index.php?rest_route=\/wp\/v2\/pages\/26"}],"collection":[{"href":"https:\/\/www.cityphone.de\/index.php?rest_route=\/wp\/v2\/pages"}],"about":[{"href":"https:\/\/www.cityphone.de\/index.php?rest_route=\/wp\/v2\/types\/page"}],"author":[{"embeddable":true,"href":"https:\/\/www.cityphone.de\/index.php?rest_route=\/wp\/v2\/users\/1"}],"replies":[{"embeddable":true,"href":"https:\/\/www.cityphone.de\/index.php?rest_route=%2Fwp%2Fv2%2Fcomments&post=26"}],"version-history":[{"count":21,"href":"https:\/\/www.cityphone.de\/index.php?rest_route=\/wp\/v2\/pages\/26\/revisions"}],"predecessor-version":[{"id":2006,"href":"https:\/\/www.cityphone.de\/index.php?rest_route=\/wp\/v2\/pages\/26\/revisions\/2006"}],"wp:attachment":[{"href":"https:\/\/www.cityphone.de\/index.php?rest_route=%2Fwp%2Fv2%2Fmedia&parent=26"}],"curies":[{"name":"wp","href":"https:\/\/api.w.org\/{rel}","templated":true}]}}