{"id":22,"date":"2015-02-25T17:08:51","date_gmt":"2015-02-25T16:08:51","guid":{"rendered":"http:\/\/wordpress.cityphone.de\/?page_id=22"},"modified":"2021-03-19T13:30:52","modified_gmt":"2021-03-19T12:30:52","slug":"impressum","status":"publish","type":"page","link":"https:\/\/www.cityphone.de\/?page_id=22","title":{"rendered":"Impressum"},"content":{"rendered":"\n<div class=\"wp-block-columns\">\n<div class=\"wp-block-column\">\n<h2>Anschrift<\/h2>\n\n\n\n<p class=\"has-medium-font-size\">Cityphone<br>Kommunikationsanlagen GmbH<br>Zum Laurenburger Hof 60<\/p>\n\n\n\n<p>60594 Frankfurt<\/p>\n<\/div>\n\n\n\n<div class=\"wp-block-column\">\n<h2>Kontakt<\/h2>\n\n\n\n<p class=\"has-medium-font-size\">Tel. 069 \/ 91 50 69 &#8211; 0<br>Fax 069 \/ 91 50 69 -20<\/p>\n\n\n\n<p>e-mail: <a href=\"mailto:city@cityphone.de\">city@cityphone.de<\/a><br>Internet: <a href=\"http:\/\/www.cityphone.de\/\">http:\/\/www.cityphone.de<\/a><\/p>\n<\/div>\n\n\n\n<div class=\"wp-block-column\">\n<h2>Gesch\u00e4ftsf\u00fchrer<\/h2>\n\n\n\n<p class=\"has-medium-font-size\">Werner Gelz<br>Roland Schiefferer<\/p>\n\n\n\n<p>Handelsregister Frankfurt<br>HRB Nr. 43053<br>USt-IdNr. DE812249816<\/p>\n<\/div>\n<\/div>\n\n\n\n<p class=\"has-medium-font-size\">Trotz sorgf\u00e4ltiger inhaltlicher Kontrolle \u00fcbernehmen wir keine Haftung f\u00fcr die Inhalte externer<br>Links. F\u00fcr den Inhalt der verlinkten Seiten sind ausschlie\u00dflich deren Betreiber<br>verantwortlich.<br>Urteil: Landgericht Hamburg vom 12. Mai 1998 (AZ 312 0 85\/98)<\/p>\n\n\n\n<p class=\"has-medium-font-size\">Falls irrt\u00fcmlicherweise durch die Wiedergabe von Text bzw. Bild ein Copyright verletzt wurde, so bitten wir um einen Hinweis, damit die Darstellung korrigiert werden kann.<\/p>\n\n\n\n<div class=\"wp-block-columns\">\n<div class=\"wp-block-column\"><\/div>\n\n\n\n<div class=\"wp-block-column\"><\/div>\n<\/div>\n","protected":false},"excerpt":{"rendered":"<p>Anschrift CityphoneKommunikationsanlagen GmbHZum Laurenburger Hof 60 60594 Frankfurt Kontakt Tel. 069 \/ 91 50 69 &#8211; 0Fax 069 \/ 91 <a class=\"more-link\" href=\"https:\/\/www.cityphone.de\/?page_id=22\">weiterlesen&#8230;<\/a><\/p>\n","protected":false},"author":1,"featured_media":0,"parent":0,"menu_order":5,"comment_status":"closed","ping_status":"closed","template":"","meta":[],"_links":{"self":[{"href":"https:\/\/www.cityphone.de\/index.php?rest_route=\/wp\/v2\/pages\/22"}],"collection":[{"href":"https:\/\/www.cityphone.de\/index.php?rest_route=\/wp\/v2\/pages"}],"about":[{"href":"https:\/\/www.cityphone.de\/index.php?rest_route=\/wp\/v2\/types\/page"}],"author":[{"embeddable":true,"href":"https:\/\/www.cityphone.de\/index.php?rest_route=\/wp\/v2\/users\/1"}],"replies":[{"embeddable":true,"href":"https:\/\/www.cityphone.de\/index.php?rest_route=%2Fwp%2Fv2%2Fcomments&post=22"}],"version-history":[{"count":13,"href":"https:\/\/www.cityphone.de\/index.php?rest_route=\/wp\/v2\/pages\/22\/revisions"}],"predecessor-version":[{"id":1923,"href":"https:\/\/www.cityphone.de\/index.php?rest_route=\/wp\/v2\/pages\/22\/revisions\/1923"}],"wp:attachment":[{"href":"https:\/\/www.cityphone.de\/index.php?rest_route=%2Fwp%2Fv2%2Fmedia&parent=22"}],"curies":[{"name":"wp","href":"https:\/\/api.w.org\/{rel}","templated":true}]}}