{"id":201,"date":"2016-03-09T11:55:02","date_gmt":"2016-03-09T10:55:02","guid":{"rendered":"http:\/\/wordpress.cityphone.de\/?page_id=201"},"modified":"2021-03-04T14:39:30","modified_gmt":"2021-03-04T13:39:30","slug":"home-3","status":"publish","type":"page","link":"https:\/\/www.cityphone.de\/","title":{"rendered":"Startseite"},"content":{"rendered":"\n<p><\/p>\n\n\n\n<h3>Wir bieten Mehrwert &#8211; auch f\u00fcr Sie und Ihr Unternehmen!<\/h3>\n\n\n\n<p>Eine erfolgreiche Unternehmenskommunikation ist von vielen Faktoren abh\u00e4ngig, wobei alles mit einer durchdachten technischen Infrastruktur beginnt. <br><br>Gemeinsam mit unseren Partnern bieten wir Ihnen zukunftssichere, auf Ihre Anforderungen abgestimmte L\u00f6sungen f\u00fcr den Gesch\u00e4ftsalltag an.<br><br>Wir bieten Anbieterunabh\u00e4ngige Produkte ma\u00dfgeschneidert f\u00fcr Ihr Unternehmen an.<br><br><\/p>\n\n\n\n<div class=\"wp-block-columns\">\n<div class=\"wp-block-column\">\n<h3>Unser Service f\u00fcr Sie:<\/h3>\n\n\n\n<ul><li>pers\u00f6nliche, vertrauliche und professionelle Betreuung<\/li><li>langfristige Zusammenarbeit<\/li><li>kompetente Beratung<\/li><li>flexible Servicel\u00f6sungen<\/li><li>Immer ein direkter Ansprechpartner &#8211; keine zeitraubenden Hotline-Prozesse.<\/li><\/ul>\n<\/div>\n\n\n\n<div class=\"wp-block-column\">\n<h3>Das zeichnet uns aus:<\/h3>\n\n\n\n<ul><li>die pers\u00f6nliche Beratung<\/li><li>die Ber\u00fccksichtigung Ihrer individuellen W\u00fcnsche und Bed\u00fcrfnisse<\/li><li>Anforderung bis ins Detail<\/li><\/ul>\n<\/div>\n<\/div>\n\n\n\n<p><\/p>\n\n\n\n<h3><\/h3>\n\n\n\n<h3>  <\/h3>\n\n\n\n<p><\/p>\n\n\n\n<div class=\"wp-block-columns\">\n<div class=\"wp-block-column\"><\/div>\n\n\n\n<div class=\"wp-block-column\"><\/div>\n<\/div>\n\n\n\n<p>&nbsp;<\/p>\n\n\n\n<p><\/p>\n","protected":false},"excerpt":{"rendered":"<p>Wir bieten Mehrwert &#8211; auch f\u00fcr Sie und Ihr Unternehmen! Eine erfolgreiche Unternehmenskommunikation ist von vielen Faktoren abh\u00e4ngig, wobei alles <a class=\"more-link\" href=\"https:\/\/www.cityphone.de\/\">weiterlesen&#8230;<\/a><\/p>\n","protected":false},"author":1,"featured_media":0,"parent":0,"menu_order":0,"comment_status":"closed","ping_status":"closed","template":"","meta":[],"_links":{"self":[{"href":"https:\/\/www.cityphone.de\/index.php?rest_route=\/wp\/v2\/pages\/201"}],"collection":[{"href":"https:\/\/www.cityphone.de\/index.php?rest_route=\/wp\/v2\/pages"}],"about":[{"href":"https:\/\/www.cityphone.de\/index.php?rest_route=\/wp\/v2\/types\/page"}],"author":[{"embeddable":true,"href":"https:\/\/www.cityphone.de\/index.php?rest_route=\/wp\/v2\/users\/1"}],"replies":[{"embeddable":true,"href":"https:\/\/www.cityphone.de\/index.php?rest_route=%2Fwp%2Fv2%2Fcomments&post=201"}],"version-history":[{"count":57,"href":"https:\/\/www.cityphone.de\/index.php?rest_route=\/wp\/v2\/pages\/201\/revisions"}],"predecessor-version":[{"id":1666,"href":"https:\/\/www.cityphone.de\/index.php?rest_route=\/wp\/v2\/pages\/201\/revisions\/1666"}],"wp:attachment":[{"href":"https:\/\/www.cityphone.de\/index.php?rest_route=%2Fwp%2Fv2%2Fmedia&parent=201"}],"curies":[{"name":"wp","href":"https:\/\/api.w.org\/{rel}","templated":true}]}}