{"id":1995,"date":"2022-03-22T16:06:03","date_gmt":"2022-03-22T15:06:03","guid":{"rendered":"http:\/\/www.cityphone.de\/?page_id=1995"},"modified":"2022-03-22T16:14:27","modified_gmt":"2022-03-22T15:14:27","slug":"dienstleistungsmanagement","status":"publish","type":"page","link":"https:\/\/www.cityphone.de\/?page_id=1995","title":{"rendered":"Dienstleistungsmanagement"},"content":{"rendered":"\n<div class=\"wp-block-columns\">\n<div class=\"wp-block-column\">\n<h2>Roll-Out<\/h2>\n\n\n\n<p>Die CityPhone GmbH, Ihr Servicepartner\u00a0bei der\u00a0Planung und dem\u00a0Austausch der Mobilfunkger\u00e4te.<\/p>\n\n\n\n<p>Ein effizienter Roll-out Plan ist die Basis eines reibungslosen Ger\u00e4te Roll-outs. Ob ein, zehn oder<br>hundert Ger\u00e4te, nach einem gemeinsam erstellten <br>Roll-out-Plan unterst\u00fctzen<br>oder \u00fcbernehmen wir f\u00fcr<br>Sie den gesamten Roll-out Ihrer Mobilfunkger\u00e4te.<\/p>\n\n\n\n<p>Anhand des erstellten Planes werden die Ger\u00e4te bestellt, <br>mit den notwendigen Daten best\u00fcckt und nach<br>vereinbarten \u00dcbergabetermin<br>den Mitarbeitern \u00fcbergeben.<\/p>\n<\/div>\n\n\n\n<div class=\"wp-block-column\">\n<h2>Optimierung<\/h2>\n\n\n\n<p><strong>Transparenz Ihrer Mobilfunk- und Festnetzvertr\u00e4ge.<\/strong><\/p>\n\n\n\n<p>Steigende Kommunikationsanforderung, die damit verbundenen neuen innovativen Produkte, stellen Nutzer und verantwortliche im Unternehmen vor stetig wachsende Anforderungen auf diesen Gebieten.<\/p>\n\n\n\n<h5><strong>Unsere Erfahrung &#8211; Ihr Nutzen<\/strong><\/h5>\n\n\n\n<p>Eine regelm\u00e4\u00dfige Optimierung der Mobilfunkvertr\u00e4ge ist bei vielen Nutzern und Verantwortlichen nichts Neues. Trotzdem wollen sich die wenigsten damit besch\u00e4ftigen &#8211; noch weniger mit ihren Festnetz- und Datenleitungen &#8211; das k\u00f6nnen wir gut verstehen!<\/p>\n\n\n\n<h5><strong>Unsere L\u00f6sung &#8211; Der K\u00fcmmerervertrag, im neudeutsch auch Dienstleistungsmanagement.<\/strong><\/h5>\n\n\n\n<p>Wir bieten unsere Leistungen als Paket in allen TK &#8211; Disziplinen oder nach Absprache, je nach Ihren Anforderungen an.<\/p>\n<\/div>\n<\/div>\n","protected":false},"excerpt":{"rendered":"<p>Roll-Out Die CityPhone GmbH, Ihr Servicepartner\u00a0bei der\u00a0Planung und dem\u00a0Austausch der Mobilfunkger\u00e4te. Ein effizienter Roll-out Plan ist die Basis eines reibungslosen <a class=\"more-link\" href=\"https:\/\/www.cityphone.de\/?page_id=1995\">weiterlesen&#8230;<\/a><\/p>\n","protected":false},"author":1,"featured_media":0,"parent":0,"menu_order":0,"comment_status":"closed","ping_status":"closed","template":"","meta":[],"_links":{"self":[{"href":"https:\/\/www.cityphone.de\/index.php?rest_route=\/wp\/v2\/pages\/1995"}],"collection":[{"href":"https:\/\/www.cityphone.de\/index.php?rest_route=\/wp\/v2\/pages"}],"about":[{"href":"https:\/\/www.cityphone.de\/index.php?rest_route=\/wp\/v2\/types\/page"}],"author":[{"embeddable":true,"href":"https:\/\/www.cityphone.de\/index.php?rest_route=\/wp\/v2\/users\/1"}],"replies":[{"embeddable":true,"href":"https:\/\/www.cityphone.de\/index.php?rest_route=%2Fwp%2Fv2%2Fcomments&post=1995"}],"version-history":[{"count":4,"href":"https:\/\/www.cityphone.de\/index.php?rest_route=\/wp\/v2\/pages\/1995\/revisions"}],"predecessor-version":[{"id":2002,"href":"https:\/\/www.cityphone.de\/index.php?rest_route=\/wp\/v2\/pages\/1995\/revisions\/2002"}],"wp:attachment":[{"href":"https:\/\/www.cityphone.de\/index.php?rest_route=%2Fwp%2Fv2%2Fmedia&parent=1995"}],"curies":[{"name":"wp","href":"https:\/\/api.w.org\/{rel}","templated":true}]}}